{"id":51,"date":"2025-11-26T15:39:01","date_gmt":"2025-11-26T14:39:01","guid":{"rendered":"https:\/\/arkimedo.com\/?page_id=51"},"modified":"2025-12-02T19:20:16","modified_gmt":"2025-12-02T18:20:16","slug":"prise-de-rendez-vous-ou-quand-comment","status":"publish","type":"page","link":"https:\/\/arkimedo.com\/index.php\/prise-de-rendez-vous-ou-quand-comment\/","title":{"rendered":"Prise de rendez-vous : O\u00f9 ? Quand ? Comment ?"},"content":{"rendered":"\n<p>Je vous re\u00e7ois\u2026<\/p>\n\n\n\n<h2 class=\"wp-block-heading\"><strong>O\u00f9 ?<\/strong><\/h2>\n\n\n\n<p>\u00c0 Tournai<\/p>\n\n\n\n<p>-&gt; Arkimedo, rue des R\u00e9collets 26, 7500 Tournai<\/p>\n\n\n\n<p>En visioconf\u00e9rence.<\/p>\n\n\n\n<h2 class=\"wp-block-heading\"><strong>Quand ?<\/strong><\/h2>\n\n\n\n<p>&nbsp;&nbsp;&nbsp;&nbsp;les lundis toute la journ\u00e9e<\/p>\n\n\n\n<p>&nbsp;&nbsp;&nbsp;&nbsp;les jeudis toute la journ\u00e9e et en soir\u00e9e<\/p>\n\n\n\n<p>&nbsp;&nbsp;&nbsp;&nbsp;les samedis en matin\u00e9e<\/p>\n\n\n\n<p>(Exceptionnellement, d\u2019autres cr\u00e9neaux peuvent \u00eatre possibles, \u00e0 convenir ensemble.)<\/p>\n\n\n\n<h2 class=\"wp-block-heading\"><strong>Comment <\/strong>prendre rendez-vous ?<\/h2>\n\n\n\n<p>Par t\u00e9l\u00e9phone<\/p>\n\n\n\n<p>+32 (0)472 54 15 35&nbsp;<\/p>\n\n\n\n<p>En ligne sur la <a href=\"https:\/\/arkimedo.com\/index.php\/reserver\/\" data-type=\"page\" data-id=\"68\">page de prise de rendez-vous<\/a><\/p>\n\n\n\n<h2 class=\"wp-block-heading\"><strong>Combien ?<\/strong><\/h2>\n\n\n\n<p>Les s\u00e9ances en couple sont factur\u00e9es 70\u20ac de l\u2019heure.&nbsp;<\/p>\n\n\n\n<p>Il faut compter 1h30 pour les s\u00e9ances de couple, tandis que les s\u00e9ances individuelles durent 1h.<\/p>\n\n\n\n<p>Je suis exon\u00e9r\u00e9e de TVA en vertu du r\u00e9gime de franchise. Mes honoraires et frais sont donc factur\u00e9s toutes taxes incluses.<\/p>\n","protected":false},"excerpt":{"rendered":"<p>Je vous re\u00e7ois\u2026 O\u00f9 ? \u00c0 Tournai -&gt; Arkimedo, rue des R\u00e9collets 26, 7500 Tournai En visioconf\u00e9rence. Quand ? &nbsp;&nbsp;&nbsp;&nbsp;les lundis toute la journ\u00e9e &nbsp;&nbsp;&nbsp;&nbsp;les jeudis toute la journ\u00e9e et en soir\u00e9e &nbsp;&nbsp;&nbsp;&nbsp;les samedis en matin\u00e9e (Exceptionnellement, d\u2019autres cr\u00e9neaux peuvent \u00eatre possibles, \u00e0 convenir ensemble.) Comment prendre rendez-vous ? Par t\u00e9l\u00e9phone +32 (0)472 54 15 [&hellip;]<\/p>\n","protected":false},"author":1,"featured_media":0,"parent":0,"menu_order":0,"comment_status":"closed","ping_status":"closed","template":"","meta":{"footnotes":""},"class_list":["post-51","page","type-page","status-publish","hentry"],"_links":{"self":[{"href":"https:\/\/arkimedo.com\/index.php\/wp-json\/wp\/v2\/pages\/51","targetHints":{"allow":["GET"]}}],"collection":[{"href":"https:\/\/arkimedo.com\/index.php\/wp-json\/wp\/v2\/pages"}],"about":[{"href":"https:\/\/arkimedo.com\/index.php\/wp-json\/wp\/v2\/types\/page"}],"author":[{"embeddable":true,"href":"https:\/\/arkimedo.com\/index.php\/wp-json\/wp\/v2\/users\/1"}],"replies":[{"embeddable":true,"href":"https:\/\/arkimedo.com\/index.php\/wp-json\/wp\/v2\/comments?post=51"}],"version-history":[{"count":2,"href":"https:\/\/arkimedo.com\/index.php\/wp-json\/wp\/v2\/pages\/51\/revisions"}],"predecessor-version":[{"id":76,"href":"https:\/\/arkimedo.com\/index.php\/wp-json\/wp\/v2\/pages\/51\/revisions\/76"}],"wp:attachment":[{"href":"https:\/\/arkimedo.com\/index.php\/wp-json\/wp\/v2\/media?parent=51"}],"curies":[{"name":"wp","href":"https:\/\/api.w.org\/{rel}","templated":true}]}}