{"id":45,"date":"2025-11-26T15:36:45","date_gmt":"2025-11-26T14:36:45","guid":{"rendered":"https:\/\/arkimedo.com\/?page_id=45"},"modified":"2025-11-26T15:36:45","modified_gmt":"2025-11-26T14:36:45","slug":"qui-suis-je","status":"publish","type":"page","link":"https:\/\/arkimedo.com\/index.php\/qui-suis-je\/","title":{"rendered":"Qui suis-je"},"content":{"rendered":"\n<p>Je suis praticienne en th\u00e9rapie br\u00e8ve strat\u00e9gique et syst\u00e9mique, sp\u00e9cialis\u00e9e dans la th\u00e9rapie de couple.&nbsp;&nbsp;<\/p>\n\n\n\n<p>Form\u00e9e \u00e9galement \u00e0 l\u2019hypnose et \u00e0 la Communication NonViolente (CNV), je travaille sous supervision, je suis intervis\u00e9e et en formation continue.<\/p>\n\n\n\n<p>Avant de devenir th\u00e9rapeute, j\u2019ai accompagn\u00e9 pendant plus de quinze ans des couples sur le chemin de la parentalit\u00e9 dans un cadre associatif.&nbsp;&nbsp;<\/p>\n\n\n\n<p>Cette exp\u00e9rience m\u2019a profond\u00e9ment ancr\u00e9e dans une posture d\u2019\u00e9coute, d\u2019ajustement et de respect de la singularit\u00e9 de chacun.<\/p>\n\n\n\n<p>Aujourd\u2019hui, j\u2019offre un espace de parole accueillant, s\u00e9curis\u00e9 et profond\u00e9ment inclusif, o\u00f9 chaque personne peut venir telle qu\u2019elle est, sans crainte de jugement.&nbsp;&nbsp;<\/p>\n\n\n\n<p>Quelle que soit votre orientation sexuelle, votre identit\u00e9 ou expression de genre, votre culture ou votre spiritualit\u00e9, vous \u00eates les bienvenu\u00b7es.<\/p>\n\n\n\n<p>J\u2019accorde une attention particuli\u00e8re \u00e0 la diversit\u00e9 humaine, et accueille avec bienveillance la communaut\u00e9 LGBTQIA+ avec une attention sinc\u00e8re \u00e0 la richesse de vos parcours et \u00e0 la sp\u00e9cificit\u00e9 de vos r\u00e9alit\u00e9s.<\/p>\n\n\n\n<p>En tant qu\u2019autiste, je mets \u00e9galement \u00e0 votre service une compr\u00e9hension fine des fonctionnements neuroatypiques, et une capacit\u00e9 \u00e0 d\u00e9coder les interactions l\u00e0 o\u00f9 elles semblent parfois bloqu\u00e9es ou sources de malentendus.<\/p>\n\n\n\n<p>En s\u00e9ance, vous me partagerez ce qui vous traverse : incompr\u00e9hensions, conflits, \u00e9loignement, attentes insatisfaites&#8230; mais aussi ce qui vous relie, ce qui fait encore sens pour vous deux.&nbsp;&nbsp;<\/p>\n\n\n\n<p>Nous clarifierons ensemble vos besoins, vos objectifs, et les sch\u00e9mas relationnels qui vous enferment.&nbsp;&nbsp;<\/p>\n\n\n\n<p>Puis, \u00e0 partir de l\u00e0, nous construirons ensemble des strat\u00e9gies concr\u00e8tes pour sortir des impasses et faire \u00e9voluer votre relation de fa\u00e7on durable.<\/p>\n\n\n\n<p>Au plaisir de vous accompagner.<\/p>\n\n\n\n<p>Christine Dantin&nbsp;&nbsp;<\/p>\n\n\n\n<p>Th\u00e9rapeute de couple \u2013 approche strat\u00e9gique et syst\u00e9mique<\/p>\n","protected":false},"excerpt":{"rendered":"<p>Je suis praticienne en th\u00e9rapie br\u00e8ve strat\u00e9gique et syst\u00e9mique, sp\u00e9cialis\u00e9e dans la th\u00e9rapie de couple.&nbsp;&nbsp; Form\u00e9e \u00e9galement \u00e0 l\u2019hypnose et \u00e0 la Communication NonViolente (CNV), je travaille sous supervision, je suis intervis\u00e9e et en formation continue. Avant de devenir th\u00e9rapeute, j\u2019ai accompagn\u00e9 pendant plus de quinze ans des couples sur le chemin de la parentalit\u00e9 [&hellip;]<\/p>\n","protected":false},"author":1,"featured_media":0,"parent":0,"menu_order":0,"comment_status":"closed","ping_status":"closed","template":"","meta":{"footnotes":""},"class_list":["post-45","page","type-page","status-publish","hentry"],"_links":{"self":[{"href":"https:\/\/arkimedo.com\/index.php\/wp-json\/wp\/v2\/pages\/45","targetHints":{"allow":["GET"]}}],"collection":[{"href":"https:\/\/arkimedo.com\/index.php\/wp-json\/wp\/v2\/pages"}],"about":[{"href":"https:\/\/arkimedo.com\/index.php\/wp-json\/wp\/v2\/types\/page"}],"author":[{"embeddable":true,"href":"https:\/\/arkimedo.com\/index.php\/wp-json\/wp\/v2\/users\/1"}],"replies":[{"embeddable":true,"href":"https:\/\/arkimedo.com\/index.php\/wp-json\/wp\/v2\/comments?post=45"}],"version-history":[{"count":1,"href":"https:\/\/arkimedo.com\/index.php\/wp-json\/wp\/v2\/pages\/45\/revisions"}],"predecessor-version":[{"id":47,"href":"https:\/\/arkimedo.com\/index.php\/wp-json\/wp\/v2\/pages\/45\/revisions\/47"}],"wp:attachment":[{"href":"https:\/\/arkimedo.com\/index.php\/wp-json\/wp\/v2\/media?parent=45"}],"curies":[{"name":"wp","href":"https:\/\/api.w.org\/{rel}","templated":true}]}}