{"id":42,"date":"2025-11-26T15:35:51","date_gmt":"2025-11-26T14:35:51","guid":{"rendered":"https:\/\/arkimedo.com\/?page_id=42"},"modified":"2025-11-26T15:35:51","modified_gmt":"2025-11-26T14:35:51","slug":"pourquoi-arkimedo-et-ce-logo-ca-veut-dire-quoi","status":"publish","type":"page","link":"https:\/\/arkimedo.com\/index.php\/pourquoi-arkimedo-et-ce-logo-ca-veut-dire-quoi\/","title":{"rendered":"Pourquoi \u00ab\u00a0Arkimedo\u00a0\u00bb ? Et ce logo, \u00e7a veut dire quoi ?"},"content":{"rendered":"\n<p>\ud83d\udc09 La libellule, messag\u00e8re de la m\u00e9tamorphose : elle na\u00eet dans l\u2019eau, mais s\u2019\u00e9l\u00e8ve vers l\u2019air, symbole de clart\u00e9 et de l\u00e9g\u00e8ret\u00e9 retrouv\u00e9e. Comme elle, un couple peut traverser un passage trouble, puis s\u2019envoler vers un nouvel \u00e9quilibre.<\/p>\n\n\n\n<p>\ud83e\udde0 Archim\u00e8de, figure du \u201cEur\u00eaka\u201d : parfois, il suffit d\u2019un point d\u2019appui \u2014 une prise de conscience, une question juste, un silence accueilli \u2014 pour faire basculer une dynamique, d\u00e9samorcer un conflit ou ouvrir une voie in\u00e9dite.<\/p>\n\n\n\n<p>\ud83d\udd04 Le changement, comme capacit\u00e9 d\u2019\u00e9voluer ensemble, ou s\u00e9par\u00e9ment, dans le respect de soi et de l\u2019autre.<\/p>\n\n\n\n<p><\/p>\n","protected":false},"excerpt":{"rendered":"<p>\ud83d\udc09 La libellule, messag\u00e8re de la m\u00e9tamorphose : elle na\u00eet dans l\u2019eau, mais s\u2019\u00e9l\u00e8ve vers l\u2019air, symbole de clart\u00e9 et de l\u00e9g\u00e8ret\u00e9 retrouv\u00e9e. Comme elle, un couple peut traverser un passage trouble, puis s\u2019envoler vers un nouvel \u00e9quilibre. \ud83e\udde0 Archim\u00e8de, figure du \u201cEur\u00eaka\u201d : parfois, il suffit d\u2019un point d\u2019appui \u2014 une prise de conscience, [&hellip;]<\/p>\n","protected":false},"author":1,"featured_media":0,"parent":0,"menu_order":0,"comment_status":"closed","ping_status":"closed","template":"","meta":{"footnotes":""},"class_list":["post-42","page","type-page","status-publish","hentry"],"_links":{"self":[{"href":"https:\/\/arkimedo.com\/index.php\/wp-json\/wp\/v2\/pages\/42","targetHints":{"allow":["GET"]}}],"collection":[{"href":"https:\/\/arkimedo.com\/index.php\/wp-json\/wp\/v2\/pages"}],"about":[{"href":"https:\/\/arkimedo.com\/index.php\/wp-json\/wp\/v2\/types\/page"}],"author":[{"embeddable":true,"href":"https:\/\/arkimedo.com\/index.php\/wp-json\/wp\/v2\/users\/1"}],"replies":[{"embeddable":true,"href":"https:\/\/arkimedo.com\/index.php\/wp-json\/wp\/v2\/comments?post=42"}],"version-history":[{"count":1,"href":"https:\/\/arkimedo.com\/index.php\/wp-json\/wp\/v2\/pages\/42\/revisions"}],"predecessor-version":[{"id":44,"href":"https:\/\/arkimedo.com\/index.php\/wp-json\/wp\/v2\/pages\/42\/revisions\/44"}],"wp:attachment":[{"href":"https:\/\/arkimedo.com\/index.php\/wp-json\/wp\/v2\/media?parent=42"}],"curies":[{"name":"wp","href":"https:\/\/api.w.org\/{rel}","templated":true}]}}