{"id":39,"date":"2025-11-26T15:32:57","date_gmt":"2025-11-26T14:32:57","guid":{"rendered":"https:\/\/arkimedo.com\/?page_id=39"},"modified":"2025-11-26T15:32:57","modified_gmt":"2025-11-26T14:32:57","slug":"comment-se-deroule-une-therapie-de-couple-avec-arkimedo","status":"publish","type":"page","link":"https:\/\/arkimedo.com\/index.php\/comment-se-deroule-une-therapie-de-couple-avec-arkimedo\/","title":{"rendered":"Comment se d\u00e9roule une th\u00e9rapie de couple avec Arkimedo ?"},"content":{"rendered":"\n<p>Chaque couple traverse des zones de turbulences, de doute ou de silence. Mon r\u00f4le n\u2019est pas de vous dire quoi penser, mais de vous aider \u00e0 comprendre ce que vous ressentez, ce que vous vivez &#8211; et ce que vous pouvez transformer.<\/p>\n\n\n\n<p>Lors de notre premi\u00e8re s\u00e9ance (1h30), \u00e0 3 dans la mesure du possible, nous nous pr\u00e9sentons, vous me racontez l\u2019histoire de votre couple et exposez les difficult\u00e9s que vous rencontrez et ce que vous attendez de mon accompagnement. Nous poserons ensemble le cadre de celui-ci, les objectifs, le rythme, le type de s\u00e9ances\u2026 (qui pourront \u00e9voluer au besoin).<\/p>\n\n\n\n<p>Les deux rendez-vous suivants durent 1h et sont individuels. Je vous rencontre seul.e tour \u00e0 tour afin d\u2019approfondir ce qui se passe pour chacun.e, dans un temps personnel et sans crainte de paroles blessantes pour l\u2019autre.&nbsp;<\/p>\n\n\n\n<p>Ensuite, selon les besoins de votre couple, nous poursuivons les s\u00e9ances \u00e0 2 tour \u00e0 tour, ou \u00e0 3. A l\u2019aide de situations pr\u00e9cises et d\u2019exemples concrets, nous t\u00e2cherons de d\u00e9terminer les circonstances de vos difficult\u00e9s, ainsi que ce qu\u2019elles g\u00e9n\u00e8rent comme \u00e9motions, pens\u00e9es, actions\u2026 notamment pour tenter de les g\u00e9rer.&nbsp;<\/p>\n\n\n\n<p>Le v\u00e9ritable travail du couple se fait entre les s\u00e9ances, via ce qu\u2019on appelle des<em> t\u00e2ches th\u00e9rapeutiques<\/em> que je vous donnerai \u00e0 l\u2019issue de chaque s\u00e9ance. Parfois la m\u00eame, parfois diff\u00e9rentes pour chacun.e, parfois \u00e0 faire ensemble, parfois chacun.e de son c\u00f4t\u00e9. Leurs buts sont multiples : me donner de l\u2019information sur un point pr\u00e9cis, vous permettre des prises de conscience, exp\u00e9rimenter une posture diff\u00e9rente\u2026&nbsp;<\/p>\n\n\n\n<p>C\u2019est un v\u00e9ritable travail dynamique en \u00e9quipe.<\/p>\n\n\n\n<p>Au fil de la th\u00e9rapie, je t\u00e2cherai de vous apporter des outils et des r\u00e9flexes afin de vous rendre autonomes par la suite et vous permettre de surmonter toutes sortes de situations avant m\u00eame qu\u2019elles ne deviennent des difficult\u00e9s dans votre couple.&nbsp;<\/p>\n\n\n\n<p>Les s\u00e9ances peuvent se d\u00e9rouler au cabinet ou en visio. Le nombre, la dur\u00e9e et le type de s\u00e9ances (individuelle ou en couple) seront adapt\u00e9s \u00e0 votre situation et \u00e0 vos besoins.<\/p>\n\n\n\n<p><\/p>\n","protected":false},"excerpt":{"rendered":"<p>Chaque couple traverse des zones de turbulences, de doute ou de silence. Mon r\u00f4le n\u2019est pas de vous dire quoi penser, mais de vous aider \u00e0 comprendre ce que vous ressentez, ce que vous vivez &#8211; et ce que vous pouvez transformer. Lors de notre premi\u00e8re s\u00e9ance (1h30), \u00e0 3 dans la mesure du possible, [&hellip;]<\/p>\n","protected":false},"author":1,"featured_media":0,"parent":0,"menu_order":0,"comment_status":"closed","ping_status":"closed","template":"","meta":{"footnotes":""},"class_list":["post-39","page","type-page","status-publish","hentry"],"_links":{"self":[{"href":"https:\/\/arkimedo.com\/index.php\/wp-json\/wp\/v2\/pages\/39","targetHints":{"allow":["GET"]}}],"collection":[{"href":"https:\/\/arkimedo.com\/index.php\/wp-json\/wp\/v2\/pages"}],"about":[{"href":"https:\/\/arkimedo.com\/index.php\/wp-json\/wp\/v2\/types\/page"}],"author":[{"embeddable":true,"href":"https:\/\/arkimedo.com\/index.php\/wp-json\/wp\/v2\/users\/1"}],"replies":[{"embeddable":true,"href":"https:\/\/arkimedo.com\/index.php\/wp-json\/wp\/v2\/comments?post=39"}],"version-history":[{"count":1,"href":"https:\/\/arkimedo.com\/index.php\/wp-json\/wp\/v2\/pages\/39\/revisions"}],"predecessor-version":[{"id":41,"href":"https:\/\/arkimedo.com\/index.php\/wp-json\/wp\/v2\/pages\/39\/revisions\/41"}],"wp:attachment":[{"href":"https:\/\/arkimedo.com\/index.php\/wp-json\/wp\/v2\/media?parent=39"}],"curies":[{"name":"wp","href":"https:\/\/api.w.org\/{rel}","templated":true}]}}